{"id":80,"date":"2020-10-17T10:28:43","date_gmt":"2020-10-17T10:28:43","guid":{"rendered":"https:\/\/proiect-cloud.tuiasi.ro\/?page_id=80"},"modified":"2022-07-13T14:36:38","modified_gmt":"2022-07-13T11:36:38","slug":"descriere","status":"publish","type":"page","link":"https:\/\/proiect-cloud.tuiasi.ro\/?page_id=80","title":{"rendered":"Despre proiect"},"content":{"rendered":"<section class=\"l-section wpb_row height_medium with_img\"><div class=\"l-section-img\" style=\"background-image: url(https:\/\/proiect-cloud.tuiasi.ro\/wp-content\/uploads\/2022\/07\/cloud_TUIASI.jpg);\" data-img-width=\"1366\" data-img-height=\"768\"><\/div><div class=\"l-section-h i-cf\"><div class=\"g-cols vc_row type_default valign_top\"><div class=\"vc_col-sm-12 wpb_column vc_column_container\"><div class=\"vc_column-inner\"><div class=\"wpb_wrapper\"><div class=\"w-separator size_large\"><\/div><div class=\"w-text us_custom_e1b1c97a has_text_color\"><span class=\"w-text-h\"><span class=\"w-text-value\">Despre Proiect<\/span><\/span><\/div><div class=\"w-separator size_large\"><\/div><\/div><\/div><\/div><\/div><\/div><\/section><section class=\"l-section wpb_row height_medium\"><div class=\"l-section-h i-cf\"><div class=\"g-cols vc_row type_default valign_top\"><div class=\"vc_col-sm-2 wpb_column vc_column_container\"><div class=\"vc_column-inner\"><div class=\"wpb_wrapper\"><\/div><\/div><\/div><div class=\"vc_col-sm-8 wpb_column vc_column_container\"><div class=\"vc_column-inner\"><div class=\"wpb_wrapper\"><div class=\"wpb_text_column\" ><div class=\"wpb_wrapper\"><p>\u00cen cadrul proiectului \u201e<strong>Mediu colaborativ pentru dezvoltarea arhitecturilor cloud bazate pe OpenStack cu aplica\u021bii \u00een CDI<\/strong>\u201d, cu valoarea de 5,048,822.88 lei, finan\u021bat prin Fondul European de Dezvoltare Regional\u0103, Programul Opera\u021bional Competitivitate 2014-2020, <strong>Universitatea Tehnic\u0103 \u201eGheorghe Asachi\u201d din Ia\u0219i<\/strong> (TUIASI) va implementa un sistem de cloud institu\u021bional. Totodat\u0103, \u00een cadrul proiectului, care are o durat\u0103 de implementare de 24 de luni (\u00eenceput la data de 18.10.2021, urm\u00e2nd a fi finalizat la data de 17.10.2023), va fi \u00eenfiin\u021bat \u0219i dotat un laborator la cercetare a tehnologiei cloud la Facultatea de Automatic\u0103 \u0219i Calculatoare de la TUIASI.<\/p>\n<p><strong>Cadru general<\/strong><\/p>\n<p>Proiect cofinan\u021bat din Fondul European de Dezvoltare Regional\u0103 prin Programul Opera\u021bional Competitivitate 2014-2020. Axa prioritar\u0103 1: Cercetare, dezvoltare tehnologic\u0103 \u0219i inovare (CDI) \u00een sprijinul competitivit\u0103\u021bii economice \u0219i dezvolt\u0103rii afacerilor. Opera\u021biunea: Dezvoltarea unor re\u021bele de centre CD, coordonate la nivel na\u021bional \u0219i racordate la re\u021bele europene \u0219i interna\u021bionale de profil \u0219i asigurarea accesului cercet\u0103torilor la publica\u021bii \u0219tiin\u021bifice \u0219i baze de date europene interna\u021bionale<\/p>\n<p>Valoare proiectului: 5,048,822.88 lei<br \/>\nCheltuiei totale eligibile \u0219i nerambursabile: 4,998,822.65 lei, astfel:<\/p>\n<p>\u2022 Valoarea finan\u021b\u0103rii UE: 4.248.999,27 lei<br \/>\n\u2022 Valoarea eligibil\u0103 nerambursabil\u0103 din bugetul na\u0163ional 749.823,38 lei<\/p>\n<p>Cheltuieli totale neeligibile proiect 50,000.23 lei<\/p>\n<\/div><\/div><div class=\"wpb_text_column\" ><div class=\"wpb_wrapper\"><p><strong>Obiectiv general<\/strong><\/p>\n<p>Modernizarea infrastructurii TIC a Universit\u0103\u021bii Tehnice \u201eGheorghe Asachi\u201d din Ia\u0219i pentru implementarea unei platforme electronice \u00een arhitectura de tip Cloud OpenStack destinat\u0103 sus\u021binerii \u0219i dezvolt\u0103rii mai rapide a competitivit\u0103\u021bii \u0219tiin\u021bifice \u0219i pozi\u021bion\u0103rii universit\u0103\u021bii ca un centru de excelen\u021b\u0103 CDI la nivel regional.<br \/>\nPrin \u00eendeplinirea obiectivului general al proiectului, aflat \u00een concordan\u021b\u0103 cu Programul Opera\u021bional Competitivitate 2014-2020, AXA PRIORITAR\u0102 1 cercetare, dezvoltare tehnologic\u0103 \u0219i inovare (CDI), proiectul va contribui substan\u021bial \u00een direc\u021bia cercet\u0103rii aplic\u0103rii \u00een conjunc\u021bie a tehnologiilor Cloud \u0219i Big Data pentru stimularea competitivit\u0103\u021bii economice \u0219i dezvolt\u0103rii afacerilor.<br \/>\nObiectivul vizeaz\u0103 sus\u021binerea \u0219i dezvoltarea capacit\u0103\u021bii proprii de cercetare-dezvoltare \u00een acest domeniu, promov\u00e2nd \u0219i sprijinind transferul de cuno\u0219tin\u021be \u0219i informa\u021bii \u00een domeniile \u0219tiin\u021belor inginere\u0219ti, umaniste \u0219i transdisciplinare din competen\u021ba Universit\u0103\u021bii Tehnice \u201eGheorghe Asachi\u201d din Ia\u0219i.<\/p>\n<p><strong>Obiectivele specifice ale proiectului:<\/strong><\/p>\n<p>1. OS1: Implementarea unei infrastructuri Cloud de tip Open Source, care s\u0103 asigure at\u00e2t contextul tehnic necesar pentru utilizarea tehnologiilor Big Data \u00een activit\u0103\u021bile de cercetare, c\u00e2t si necesarul de putere de calcul, spa\u021biu de stocare, continuitate a serviciilor \u0219i redundan\u021ba.<\/p>\n<p>2. OS2: Realizarea contextului TIC necesar pentru dezvoltarea de parteneriate de cercetare cu universit\u0103\u021bi si institute de cercetare la nivel na\u021bional \u0219i interna\u021bional \u00een direc\u021bia utilizarii tehnologiilor Cloud si Big Data \u00een domeniul cercetarii aplicate.<\/p>\n<p>3. OS3: Instruirea personalului de cercetare din cadrul echipei de implementare a proiectului \u00een domeniul administrarii infrastructurilor Cloud si \u00een domeniul dezvoltarii de componente, servicii si aplica\u021bii pentru platforme Cloud.<\/p>\n<p>4. OS4: \u00cenfiin\u021barea unui laborator de cercetare avansata \u00een domeniul tehnologiilor Cloud, pentru facilitarea dezvoltarii de componente si proiecte noi, contribu\u021bii la componentele din platforma OpenStack si pozi\u021bionarea Universit\u0103\u021bii Tehnice \u201eGheorghe Asachi\u201d din Ia\u0219i ca pol de competen\u021b\u0103 \u00een acest domeniu.<\/p>\n<p>5. OS5: \u00cenfiin\u021barea unui incubator pentru proiecte de cercetarea \u00een domeniile Cloud si Big Data, \u00een cadrul laboratorului de cercetare avansata \u00een domeniul tehnologiilor Cloud, prin care sa fie creat contextul pentru lansarea de idei inovatoare, stimularea competitivit\u0103\u021bii economice si a dezvoltarii afacerilor.<\/p>\n<\/div><\/div><div class=\"wpb_text_column\" ><div class=\"wpb_wrapper\"><\/div><\/div><\/div><\/div><\/div><div class=\"vc_col-sm-2 wpb_column vc_column_container\"><div class=\"vc_column-inner\"><div class=\"wpb_wrapper\"><\/div><\/div><\/div><\/div><\/div><\/section>\n","protected":false},"excerpt":{"rendered":"Despre Proiect\u00cen cadrul proiectului \u201eMediu colaborativ pentru dezvoltarea arhitecturilor cloud bazate pe OpenStack cu aplica\u021bii \u00een CDI\u201d, cu valoarea de 5,048,822.88 lei, finan\u021bat prin Fondul European de Dezvoltare Regional\u0103, Programul Opera\u021bional Competitivitate 2014-2020, Universitatea Tehnic\u0103 \u201eGheorghe Asachi\u201d din Ia\u0219i (TUIASI) va implementa un sistem de cloud institu\u021bional. Totodat\u0103, \u00een cadrul proiectului, care are o durat\u0103...","protected":false},"author":8,"featured_media":0,"parent":0,"menu_order":0,"comment_status":"closed","ping_status":"closed","template":"","meta":[],"_links":{"self":[{"href":"https:\/\/proiect-cloud.tuiasi.ro\/index.php?rest_route=\/wp\/v2\/pages\/80"}],"collection":[{"href":"https:\/\/proiect-cloud.tuiasi.ro\/index.php?rest_route=\/wp\/v2\/pages"}],"about":[{"href":"https:\/\/proiect-cloud.tuiasi.ro\/index.php?rest_route=\/wp\/v2\/types\/page"}],"author":[{"embeddable":true,"href":"https:\/\/proiect-cloud.tuiasi.ro\/index.php?rest_route=\/wp\/v2\/users\/8"}],"replies":[{"embeddable":true,"href":"https:\/\/proiect-cloud.tuiasi.ro\/index.php?rest_route=%2Fwp%2Fv2%2Fcomments&post=80"}],"version-history":[{"count":102,"href":"https:\/\/proiect-cloud.tuiasi.ro\/index.php?rest_route=\/wp\/v2\/pages\/80\/revisions"}],"predecessor-version":[{"id":3420,"href":"https:\/\/proiect-cloud.tuiasi.ro\/index.php?rest_route=\/wp\/v2\/pages\/80\/revisions\/3420"}],"wp:attachment":[{"href":"https:\/\/proiect-cloud.tuiasi.ro\/index.php?rest_route=%2Fwp%2Fv2%2Fmedia&parent=80"}],"curies":[{"name":"wp","href":"https:\/\/api.w.org\/{rel}","templated":true}]}}