{"id":1916,"date":"2020-12-08T21:27:03","date_gmt":"2020-12-08T19:27:03","guid":{"rendered":"https:\/\/proiect-cloud.tuiasi.ro\/?page_id=1916"},"modified":"2022-07-12T10:06:15","modified_gmt":"2022-07-12T07:06:15","slug":"acorduri-de-parteneriat","status":"publish","type":"page","link":"https:\/\/proiect-cloud.tuiasi.ro\/?page_id=1916","title":{"rendered":"Rezultatele preconizate"},"content":{"rendered":"<section class=\"l-section wpb_row height_medium with_img\"><div class=\"l-section-img\" style=\"background-image: url(https:\/\/proiect-cloud.tuiasi.ro\/wp-content\/uploads\/2022\/07\/cloud_TUIASI.jpg);\" data-img-width=\"1366\" data-img-height=\"768\"><\/div><div class=\"l-section-h i-cf\"><div class=\"g-cols vc_row type_default valign_top\"><div class=\"vc_col-sm-12 wpb_column vc_column_container\"><div class=\"vc_column-inner\"><div class=\"wpb_wrapper\"><div class=\"w-separator size_large\"><\/div><div class=\"w-text us_custom_e1b1c97a has_text_color\"><span class=\"w-text-h\"><span class=\"w-text-value\">Rezultatele preconizate<\/span><\/span><\/div><div class=\"w-separator size_large\"><\/div><\/div><\/div><\/div><\/div><\/div><\/section><section class=\"l-section wpb_row height_huge\"><div class=\"l-section-h i-cf\"><div class=\"g-cols vc_row type_default valign_middle\"><div class=\"vc_col-sm-12 wpb_column vc_column_container\"><div class=\"vc_column-inner\"><div class=\"wpb_wrapper\"><div class=\"wpb_text_column us_custom_1e0e9307\" ><div class=\"wpb_wrapper\"><p style=\"text-align: center;\">Rezultate a\u0219teptate<\/p>\n<p>1. Achizi\u021bie echipamente TIC necesare:<br \/>\n&#8211; Infrastructur\u0103 Cloud<br \/>\n&#8211; Infrastructur\u0103 hiperconvergent\u0103 pentru g\u0103zduirea infrastructurilor critice<br \/>\n&#8211; Sta\u021bii de lucru laborator cercetare<\/p>\n<p>2. Achizi\u021bie software\/licen\u021be necesare:<br \/>\n&#8211; Windows server Datacenter edition<br \/>\n&#8211; VMware vSphere<br \/>\n&#8211; VMware vCenter<br \/>\n&#8211; Platform\u0103 software hiperconvergent\u0103<\/p>\n<p>3. Platforma Cloud configurata \u0219i verificat\u0103 func\u021bional<\/p>\n<p>4. Laborator Cloud configurat \u0219i verificat func\u021bional<\/p>\n<p>5. Platforma Cloud func\u021bional\u0103 pe \u00eentreaga durat\u0103 a proiectului<\/p>\n<p>6. 15 participan\u021bi la trainingul de administrare Cloud<\/p>\n<p>7. 15 participan\u021bi la trainingul de Cloud Development<\/p>\n<p>8. Platforma cercetare Big data<\/p>\n<p>9. 15 articole publicate \u00een volumele unor conferin\u021be interna\u021bionale de prestigiu sau jurnale stiin\u021bifice<\/p>\n<p>10. 10 particip\u0103ri la conferin\u021be \u0219tiin\u021bifice<\/p>\n<p>11.<br \/>\n\u2022 1 contract de auditare financiar\u0103 a proiectului, semnat<br \/>\n\u2022 1 contract de auditare tehnic\u0103 a proiectului, semnat<br \/>\n\u2022 1 raport final de audit financiar, \u00eentocmit, predat \u0219i acceptat<br \/>\n\u2022 1 raport final de audit tehnic, \u00eentocmit, predat si acceptat<\/p>\n<p>12. Conferin\u021b\u0103 lansare proiect<\/p>\n<p>13.<br \/>\n\u2022 1000 de materiale publicitare<br \/>\n\u2022 3 rollup-uri<br \/>\n\u2022 Panouri publicitare<br \/>\n\u2022 Realizare materiale media<br \/>\n\u2022 Realizare site descriere proiect<\/p>\n<p>14. Conferin\u021b\u0103 finalizare proiect<\/p>\n<p>15. Sistem de management al proiectului ca pachet de reguli si proceduri, ce include:<br \/>\n&#8211; asigurarea realizarii obiectivelor, rezultatelor si indicatorilor proiectului<br \/>\n&#8211; sistem de monitorizare si evaluare interna a proiectului<br \/>\n&#8211; rapoarte intermediare si anuale<\/p>\n<\/div><\/div><\/div><\/div><\/div><\/div><\/div><\/section>\n","protected":false},"excerpt":{"rendered":"Rezultatele preconizateRezultate a\u0219teptate 1. Achizi\u021bie echipamente TIC necesare: &#8211; Infrastructur\u0103 Cloud &#8211; Infrastructur\u0103 hiperconvergent\u0103 pentru g\u0103zduirea infrastructurilor critice &#8211; Sta\u021bii de lucru laborator cercetare 2. Achizi\u021bie software\/licen\u021be necesare: &#8211; Windows server Datacenter edition &#8211; VMware vSphere &#8211; VMware vCenter &#8211; Platform\u0103 software hiperconvergent\u0103 3. Platforma Cloud configurata \u0219i verificat\u0103 func\u021bional 4. Laborator Cloud configurat \u0219i...","protected":false},"author":17,"featured_media":0,"parent":0,"menu_order":0,"comment_status":"closed","ping_status":"closed","template":"","meta":[],"_links":{"self":[{"href":"https:\/\/proiect-cloud.tuiasi.ro\/index.php?rest_route=\/wp\/v2\/pages\/1916"}],"collection":[{"href":"https:\/\/proiect-cloud.tuiasi.ro\/index.php?rest_route=\/wp\/v2\/pages"}],"about":[{"href":"https:\/\/proiect-cloud.tuiasi.ro\/index.php?rest_route=\/wp\/v2\/types\/page"}],"author":[{"embeddable":true,"href":"https:\/\/proiect-cloud.tuiasi.ro\/index.php?rest_route=\/wp\/v2\/users\/17"}],"replies":[{"embeddable":true,"href":"https:\/\/proiect-cloud.tuiasi.ro\/index.php?rest_route=%2Fwp%2Fv2%2Fcomments&post=1916"}],"version-history":[{"count":7,"href":"https:\/\/proiect-cloud.tuiasi.ro\/index.php?rest_route=\/wp\/v2\/pages\/1916\/revisions"}],"predecessor-version":[{"id":3328,"href":"https:\/\/proiect-cloud.tuiasi.ro\/index.php?rest_route=\/wp\/v2\/pages\/1916\/revisions\/3328"}],"wp:attachment":[{"href":"https:\/\/proiect-cloud.tuiasi.ro\/index.php?rest_route=%2Fwp%2Fv2%2Fmedia&parent=1916"}],"curies":[{"name":"wp","href":"https:\/\/api.w.org\/{rel}","templated":true}]}}