{"id":1781,"date":"2020-12-08T20:08:49","date_gmt":"2020-12-08T18:08:49","guid":{"rendered":"https:\/\/proiect-cloud.tuiasi.ro\/?page_id=1781"},"modified":"2022-07-12T10:35:15","modified_gmt":"2022-07-12T07:35:15","slug":"prima-pagina","status":"publish","type":"page","link":"https:\/\/proiect-cloud.tuiasi.ro\/","title":{"rendered":"Prima pagin\u0103"},"content":{"rendered":"<section class=\"l-section wpb_row height_medium with_img\"><div class=\"l-section-img\" style=\"background-image: url(https:\/\/proiect-cloud.tuiasi.ro\/wp-content\/uploads\/2022\/07\/cloud_TUIASI.jpg);\" data-img-width=\"1366\" data-img-height=\"768\"><\/div><div class=\"l-section-h i-cf\"><div class=\"g-cols vc_row type_default valign_top\"><div class=\"vc_col-sm-12 wpb_column vc_column_container\"><div class=\"vc_column-inner\"><div class=\"wpb_wrapper\"><div class=\"w-separator size_large\"><\/div><div class=\"w-text us_custom_53a48874 has_text_color\"><span class=\"w-text-h\"><span class=\"w-text-value\">Mediu colaborativ pentru dezvoltarea arhitecturilor cloud bazate pe OpenStack cu aplica\u021bii \u00een CDI<\/span><\/span><\/div><div class=\"w-text us_custom_f06dc681 has_text_color\"><span class=\"w-text-h\"><span class=\"w-text-value\">cod SMIS: 124998<\/span><\/span><\/div><div class=\"w-separator size_large\"><\/div><\/div><\/div><\/div><\/div><\/div><\/section><section class=\"l-section wpb_row height_medium\"><div class=\"l-section-h i-cf\"><div class=\"g-cols vc_row type_default valign_top\"><div class=\"vc_col-sm-6 wpb_column vc_column_container\"><div class=\"vc_column-inner\"><div class=\"wpb_wrapper\"><div class=\"wpb_text_column us_custom_71d3e3d1\" ><div class=\"wpb_wrapper\"><p>Valoare proiectului: 5.048.822,88 lei<br \/>\nCheltuieli totale eligibile \u0219i nerambursabile: 4.998.822,65 lei, astfel:<br \/>\n\u2022 Valoarea finan\u021b\u0103rii UE: 4.248.999,27 lei<br \/>\n\u2022 Valoarea eligibil\u0103 nerambursabil\u0103 din bugetul na\u0163ional 749.823,38 lei<br \/>\nCheltuieli totale neeligibile proiect 50,000.23 lei<\/p>\n<\/div><\/div><\/div><\/div><\/div><div class=\"vc_col-sm-6 wpb_column vc_column_container\"><div class=\"vc_column-inner\"><div class=\"wpb_wrapper\"><div class=\"wpb_text_column us_custom_71d3e3d1\" ><div class=\"wpb_wrapper\"><div>Implementarea proiectului a \u00eenceput la data de 18.10.2021, iar acesta va fi finalizat pe 17.10.2023.<span style=\"color: #888888;\"><span style=\"color: #ff0000;\"><br \/>\n<\/span><\/span><\/div>\n<\/div><\/div><\/div><\/div><\/div><\/div><\/div><\/section><section class=\"l-section wpb_row us_custom_15ad39e0 height_medium\"><div class=\"l-section-h i-cf\"><div class=\"g-cols vc_row type_default valign_top\"><div class=\"vc_col-sm-12 wpb_column vc_column_container\"><div class=\"vc_column-inner\"><div class=\"wpb_wrapper\"><div class=\"w-grid type_grid layout_blog_10 cols_3 overflow_hidden\" id=\"us_grid_1\" data-filterable=\"true\"><style id=\"us_grid_1_css\">#us_grid_1 .w-grid-item{padding:1.5rem}#us_grid_1 .w-grid-list{margin:-1.5rem -1.5rem 1.5rem}.w-grid + #us_grid_1 .w-grid-list{margin-top:1.5rem}@media (max-width:899px){#us_grid_1 .w-grid-item{width:50.0000%}}@media (max-width:599px){#us_grid_1 .w-grid-list{margin:0}#us_grid_1 .w-grid-item{width:100.0000%;padding:0;margin-bottom:1.5rem}}<\/style><style>.layout_blog_10 .w-grid-item-h{background:#333;border-radius:0.3rem;z-index:3;box-shadow:0 0.03rem 0.06rem rgba(0,0,0,0.1),0 0.10rem 0.30rem rgba(0,0,0,0.1);transition-duration:0.3s}.no-touch .layout_blog_10 .w-grid-item-h:hover{box-shadow:0 0.12rem 0.24rem rgba(0,0,0,0.1),0 0.40rem 1.20rem rgba(0,0,0,0.15);z-index:4}.layout_blog_10 .usg_vwrapper_1{position:absolute!important;right:0!important;bottom:0!important;left:0!important;background:linear-gradient(transparent,rgba(30,30,30,0.8))!important;padding:15% 7% 7% 7%!important}.layout_blog_10 .usg_post_taxonomy_1{font-size:10px!important;font-weight:700!important;text-transform:uppercase!important;margin-bottom:0.5rem!important}.layout_blog_10 .usg_post_title_1{color:#fff!important;font-size:1.4rem!important;font-weight:700!important}@media (max-width:599px){.layout_blog_10 .usg_post_title_1{font-size:1.2rem!important}}<\/style><div class=\"w-grid-list\" >\t<article class=\"w-grid-item size_1x1 post-3157 post type-post status-publish format-standard has-post-thumbnail hentry category-noutati\" data-id=\"3157\">\r\n\t\t<div class=\"w-grid-item-h\">\r\n\t\t\t\t\t\t<div class=\"w-post-elm post_image usg_post_image_1 stretched\"><a href=\"https:\/\/proiect-cloud.tuiasi.ro\/?p=3157\" aria-label=\"Comunicat de presa\"><img width=\"1280\" height=\"853\" src=\"https:\/\/proiect-cloud.tuiasi.ro\/wp-content\/uploads\/2022\/02\/Concurs-min.jpg\" class=\"attachment-us_600_600_crop size-us_600_600_crop wp-post-image\" alt=\"\" loading=\"lazy\" srcset=\"https:\/\/proiect-cloud.tuiasi.ro\/wp-content\/uploads\/2022\/02\/Concurs-min.jpg 1280w, https:\/\/proiect-cloud.tuiasi.ro\/wp-content\/uploads\/2022\/02\/Concurs-min-300x200.jpg 300w, https:\/\/proiect-cloud.tuiasi.ro\/wp-content\/uploads\/2022\/02\/Concurs-min-1024x682.jpg 1024w\" sizes=\"(max-width: 1280px) 100vw, 1280px\" \/><\/a><\/div><div class=\"w-vwrapper usg_vwrapper_1 align_left valign_top\"><div class=\"w-post-elm post_taxonomy usg_post_taxonomy_1 style_badge color_link_inherit\"><a class=\"w-btn us-btn-style_badge\" href=\"https:\/\/proiect-cloud.tuiasi.ro\/?cat=1\"><span class=\"w-btn-label\">Nout\u0103\u021bi<\/span><\/a><\/div><h2 class=\"w-post-elm post_title usg_post_title_1 entry-title color_link_inherit has_text_color\"><a href=\"https:\/\/proiect-cloud.tuiasi.ro\/?p=3157\">Comunicat de presa<\/a><\/h2><\/div>\t\t<\/div>\r\n\t<\/article>\r\n<\/div><div class=\"w-grid-preloader\"><div class=\"g-preloader type_1\">\r\n\t<div><\/div>\r\n<\/div>\r\n<\/div>\t<div class=\"w-grid-json hidden\" onclick='return {&quot;action&quot;:&quot;us_ajax_grid&quot;,&quot;ajax_url&quot;:&quot;https:\\\/\\\/proiect-cloud.tuiasi.ro\\\/wp-admin\\\/admin-ajax.php&quot;,&quot;infinite_scroll&quot;:0,&quot;max_num_pages&quot;:1,&quot;pagination&quot;:&quot;ajax&quot;,&quot;permalink_url&quot;:&quot;https:\\\/\\\/proiect-cloud.tuiasi.ro&quot;,&quot;template_vars&quot;:{&quot;columns&quot;:&quot;3&quot;,&quot;exclude_items&quot;:&quot;none&quot;,&quot;img_size&quot;:&quot;default&quot;,&quot;ignore_items_size&quot;:false,&quot;items_layout&quot;:&quot;blog_10&quot;,&quot;items_offset&quot;:&quot;1&quot;,&quot;load_animation&quot;:&quot;none&quot;,&quot;overriding_link&quot;:&quot;none&quot;,&quot;post_id&quot;:1781,&quot;query_args&quot;:{&quot;post_type&quot;:[&quot;post&quot;],&quot;tax_query&quot;:[{&quot;taxonomy&quot;:&quot;category&quot;,&quot;field&quot;:&quot;slug&quot;,&quot;terms&quot;:[&quot;noutati&quot;]}],&quot;post_status&quot;:[&quot;publish&quot;],&quot;posts_per_page&quot;:&quot;3&quot;},&quot;orderby_query_args&quot;:{&quot;orderby&quot;:{&quot;date&quot;:&quot;DESC&quot;}},&quot;type&quot;:&quot;grid&quot;,&quot;us_grid_ajax_index&quot;:1,&quot;us_grid_filter_params&quot;:null,&quot;us_grid_index&quot;:1,&quot;_us_grid_post_type&quot;:&quot;post&quot;}}'><\/div>\r\n\t<\/div><\/div><\/div><\/div><\/div><\/div><\/section>\n","protected":false},"excerpt":{"rendered":"Universitatea Tehnic\u0103 \u201eGheorghe Asachi\u201d din Ia\u0219i va implementa un proiect pentru realizarea unui sistem de cloud institu\u021bional \u00een care va dota un laborator de cercetare Universitatea Tehnic\u0103 \u201eGheorghe Asachi\u201d din Ia\u0219i (TUIASI) va implementa un sistem de cloud institu\u021bional \u00een cadrul proiectului \u201eMediu colaborativ pentru dezvoltarea arhitecturilor cloud bazate pe OpenStack cu aplica\u021bii \u00een CDI\u201d,...","protected":false},"author":17,"featured_media":0,"parent":0,"menu_order":0,"comment_status":"closed","ping_status":"closed","template":"","meta":[],"_links":{"self":[{"href":"https:\/\/proiect-cloud.tuiasi.ro\/index.php?rest_route=\/wp\/v2\/pages\/1781"}],"collection":[{"href":"https:\/\/proiect-cloud.tuiasi.ro\/index.php?rest_route=\/wp\/v2\/pages"}],"about":[{"href":"https:\/\/proiect-cloud.tuiasi.ro\/index.php?rest_route=\/wp\/v2\/types\/page"}],"author":[{"embeddable":true,"href":"https:\/\/proiect-cloud.tuiasi.ro\/index.php?rest_route=\/wp\/v2\/users\/17"}],"replies":[{"embeddable":true,"href":"https:\/\/proiect-cloud.tuiasi.ro\/index.php?rest_route=%2Fwp%2Fv2%2Fcomments&post=1781"}],"version-history":[{"count":53,"href":"https:\/\/proiect-cloud.tuiasi.ro\/index.php?rest_route=\/wp\/v2\/pages\/1781\/revisions"}],"predecessor-version":[{"id":3404,"href":"https:\/\/proiect-cloud.tuiasi.ro\/index.php?rest_route=\/wp\/v2\/pages\/1781\/revisions\/3404"}],"wp:attachment":[{"href":"https:\/\/proiect-cloud.tuiasi.ro\/index.php?rest_route=%2Fwp%2Fv2%2Fmedia&parent=1781"}],"curies":[{"name":"wp","href":"https:\/\/api.w.org\/{rel}","templated":true}]}}